{"id":32616,"date":"2022-03-28T17:03:53","date_gmt":"2022-03-28T20:03:53","guid":{"rendered":"https:\/\/sinpro-rio.org.br\/principal\/?page_id=32616"},"modified":"2022-03-28T17:31:43","modified_gmt":"2022-03-28T20:31:43","slug":"escola-do-professor-2022-1","status":"publish","type":"page","link":"https:\/\/www.sinpro-rio.org.br\/principal\/escola-do-professor-2022-1\/","title":{"rendered":"Escola do Professor 2022 1\u00ba semestre"},"content":{"rendered":"\n<bloquote> \u201cS\u00f3 h\u00e1 duas op\u00e7\u00f5es <br>\nnesta vida: se resignar <br>\nou se indignar. <br>\nE eu n\u00e3o vou me <br>\nresignar nunca.\u201d <br> <br>\n\nDarcy Ribeiro\n<\/bloquote> \n <br>\n<hr>\n <br>\n\n\n<h2> Apresenta\u00e7\u00e3o <\/h2>\n\n<p> A Escola do Professor mudou? N\u00e3o. Ela\ncontinua com sua proposta incr\u00edvel de\noferecer forma\u00e7\u00e3o continuada, do ponto de vista\nacad\u00eamico e pol\u00edtico, para professores e professoras.\nNessa gest\u00e3o, incorporando realidades e conjunturas de\ndiferentes pautas de luta e demandas de nossa categoria,\ncomo de costume, nosso Centro de Estudos e Atualiza\u00e7\u00e3o\nem Pol\u00edtica e Educa\u00e7\u00e3o (CEAPE) \u2013 Escola do Professor, que\nsempre se constituiu como um espa\u00e7o de refer\u00eancia e reflex\u00e3o\ncr\u00edtica a partir de diversas atividades pedag\u00f3gicas e debates\npol\u00edticos, agora, ser\u00e1 chamado por n\u00f3s de Escola do Professor\ne da Professora (Escola do\/a Professor\/a). <\/p>\n\n\n<p> E, seguiremos, refor\u00e7ando nossa hist\u00f3ria e lugar no qual\no professor e a professora buscam experi\u00eancias, saberes e trocas qualificadas que podem nos mover para a transforma\u00e7\u00e3o\nde nossa realidade social, como, n\u00f3s da educa\u00e7\u00e3o, de fato,\nacreditamos, quando abra\u00e7amos esta profiss\u00e3o. <\/p>\n","protected":false},"excerpt":{"rendered":"<p>\u201cS\u00f3 h\u00e1 duas op\u00e7\u00f5es nesta vida: se resignar ou se indignar. E eu n\u00e3o vou me resignar nunca.\u201d Darcy Ribeiro Apresenta\u00e7\u00e3o A Escola do Professor mudou? N\u00e3o. Ela continua com sua proposta incr\u00edvel de oferecer forma\u00e7\u00e3o continuada, do ponto de vista acad\u00eamico e pol\u00edtico, para professores e professoras. Nessa gest\u00e3o, incorporando realidades e conjunturas de [&hellip;]<\/p>\n","protected":false},"author":1,"featured_media":0,"parent":0,"menu_order":0,"comment_status":"closed","ping_status":"closed","template":"","meta":{"footnotes":""},"class_list":["post-32616","page","type-page","status-publish","hentry"],"yoast_head":"<!-- This site is optimized with the Yoast SEO plugin v25.7 - https:\/\/yoast.com\/wordpress\/plugins\/seo\/ -->\n<title>Escola do Professor 2022 1\u00ba semestre - Sinpro-Rio<\/title>\n<meta name=\"robots\" content=\"index, follow, max-snippet:-1, max-image-preview:large, max-video-preview:-1\" \/>\n<link rel=\"canonical\" href=\"https:\/\/www.sinpro-rio.org.br\/principal\/escola-do-professor-2022-1\/\" \/>\n<meta property=\"og:locale\" content=\"pt_BR\" \/>\n<meta property=\"og:type\" content=\"article\" \/>\n<meta property=\"og:title\" content=\"Escola do Professor 2022 1\u00ba semestre - Sinpro-Rio\" \/>\n<meta property=\"og:description\" content=\"\u201cS\u00f3 h\u00e1 duas op\u00e7\u00f5es nesta vida: se resignar ou se indignar. E eu n\u00e3o vou me resignar nunca.\u201d Darcy Ribeiro Apresenta\u00e7\u00e3o A Escola do Professor mudou? N\u00e3o. Ela continua com sua proposta incr\u00edvel de oferecer forma\u00e7\u00e3o continuada, do ponto de vista acad\u00eamico e pol\u00edtico, para professores e professoras. Nessa gest\u00e3o, incorporando realidades e conjunturas de [&hellip;]\" \/>\n<meta property=\"og:url\" content=\"https:\/\/www.sinpro-rio.org.br\/principal\/escola-do-professor-2022-1\/\" \/>\n<meta property=\"og:site_name\" content=\"Sinpro-Rio\" \/>\n<meta property=\"article:modified_time\" content=\"2022-03-28T20:31:43+00:00\" \/>\n<meta name=\"twitter:card\" content=\"summary_large_image\" \/>\n<meta name=\"twitter:label1\" content=\"Est. tempo de leitura\" \/>\n\t<meta name=\"twitter:data1\" content=\"1 minuto\" \/>\n<script type=\"application\/ld+json\" class=\"yoast-schema-graph\">{\"@context\":\"https:\/\/schema.org\",\"@graph\":[{\"@type\":\"WebPage\",\"@id\":\"https:\/\/www.sinpro-rio.org.br\/principal\/escola-do-professor-2022-1\/\",\"url\":\"https:\/\/www.sinpro-rio.org.br\/principal\/escola-do-professor-2022-1\/\",\"name\":\"Escola do Professor 2022 1\u00ba semestre - Sinpro-Rio\",\"isPartOf\":{\"@id\":\"https:\/\/www.sinpro-rio.org.br\/principal\/#website\"},\"datePublished\":\"2022-03-28T20:03:53+00:00\",\"dateModified\":\"2022-03-28T20:31:43+00:00\",\"breadcrumb\":{\"@id\":\"https:\/\/www.sinpro-rio.org.br\/principal\/escola-do-professor-2022-1\/#breadcrumb\"},\"inLanguage\":\"pt-BR\",\"potentialAction\":[{\"@type\":\"ReadAction\",\"target\":[\"https:\/\/www.sinpro-rio.org.br\/principal\/escola-do-professor-2022-1\/\"]}]},{\"@type\":\"BreadcrumbList\",\"@id\":\"https:\/\/www.sinpro-rio.org.br\/principal\/escola-do-professor-2022-1\/#breadcrumb\",\"itemListElement\":[{\"@type\":\"ListItem\",\"position\":1,\"name\":\"In\u00edcio\",\"item\":\"https:\/\/www.sinpro-rio.org.br\/principal\/\"},{\"@type\":\"ListItem\",\"position\":2,\"name\":\"Escola do Professor 2022 1\u00ba semestre\"}]},{\"@type\":\"WebSite\",\"@id\":\"https:\/\/www.sinpro-rio.org.br\/principal\/#website\",\"url\":\"https:\/\/www.sinpro-rio.org.br\/principal\/\",\"name\":\"Sinpro-Rio\",\"description\":\"Sindicato dos Professores do Munic\u00edpio do Rio de Janeiro e Regi\u00e3o\",\"potentialAction\":[{\"@type\":\"SearchAction\",\"target\":{\"@type\":\"EntryPoint\",\"urlTemplate\":\"https:\/\/www.sinpro-rio.org.br\/principal\/?s={search_term_string}\"},\"query-input\":{\"@type\":\"PropertyValueSpecification\",\"valueRequired\":true,\"valueName\":\"search_term_string\"}}],\"inLanguage\":\"pt-BR\"}]}<\/script>\n<!-- \/ Yoast SEO plugin. -->","yoast_head_json":{"title":"Escola do Professor 2022 1\u00ba semestre - Sinpro-Rio","robots":{"index":"index","follow":"follow","max-snippet":"max-snippet:-1","max-image-preview":"max-image-preview:large","max-video-preview":"max-video-preview:-1"},"canonical":"https:\/\/www.sinpro-rio.org.br\/principal\/escola-do-professor-2022-1\/","og_locale":"pt_BR","og_type":"article","og_title":"Escola do Professor 2022 1\u00ba semestre - Sinpro-Rio","og_description":"\u201cS\u00f3 h\u00e1 duas op\u00e7\u00f5es nesta vida: se resignar ou se indignar. E eu n\u00e3o vou me resignar nunca.\u201d Darcy Ribeiro Apresenta\u00e7\u00e3o A Escola do Professor mudou? N\u00e3o. Ela continua com sua proposta incr\u00edvel de oferecer forma\u00e7\u00e3o continuada, do ponto de vista acad\u00eamico e pol\u00edtico, para professores e professoras. Nessa gest\u00e3o, incorporando realidades e conjunturas de [&hellip;]","og_url":"https:\/\/www.sinpro-rio.org.br\/principal\/escola-do-professor-2022-1\/","og_site_name":"Sinpro-Rio","article_modified_time":"2022-03-28T20:31:43+00:00","twitter_card":"summary_large_image","twitter_misc":{"Est. tempo de leitura":"1 minuto"},"schema":{"@context":"https:\/\/schema.org","@graph":[{"@type":"WebPage","@id":"https:\/\/www.sinpro-rio.org.br\/principal\/escola-do-professor-2022-1\/","url":"https:\/\/www.sinpro-rio.org.br\/principal\/escola-do-professor-2022-1\/","name":"Escola do Professor 2022 1\u00ba semestre - Sinpro-Rio","isPartOf":{"@id":"https:\/\/www.sinpro-rio.org.br\/principal\/#website"},"datePublished":"2022-03-28T20:03:53+00:00","dateModified":"2022-03-28T20:31:43+00:00","breadcrumb":{"@id":"https:\/\/www.sinpro-rio.org.br\/principal\/escola-do-professor-2022-1\/#breadcrumb"},"inLanguage":"pt-BR","potentialAction":[{"@type":"ReadAction","target":["https:\/\/www.sinpro-rio.org.br\/principal\/escola-do-professor-2022-1\/"]}]},{"@type":"BreadcrumbList","@id":"https:\/\/www.sinpro-rio.org.br\/principal\/escola-do-professor-2022-1\/#breadcrumb","itemListElement":[{"@type":"ListItem","position":1,"name":"In\u00edcio","item":"https:\/\/www.sinpro-rio.org.br\/principal\/"},{"@type":"ListItem","position":2,"name":"Escola do Professor 2022 1\u00ba semestre"}]},{"@type":"WebSite","@id":"https:\/\/www.sinpro-rio.org.br\/principal\/#website","url":"https:\/\/www.sinpro-rio.org.br\/principal\/","name":"Sinpro-Rio","description":"Sindicato dos Professores do Munic\u00edpio do Rio de Janeiro e Regi\u00e3o","potentialAction":[{"@type":"SearchAction","target":{"@type":"EntryPoint","urlTemplate":"https:\/\/www.sinpro-rio.org.br\/principal\/?s={search_term_string}"},"query-input":{"@type":"PropertyValueSpecification","valueRequired":true,"valueName":"search_term_string"}}],"inLanguage":"pt-BR"}]}},"_links":{"self":[{"href":"https:\/\/www.sinpro-rio.org.br\/principal\/wp-json\/wp\/v2\/pages\/32616","targetHints":{"allow":["GET"]}}],"collection":[{"href":"https:\/\/www.sinpro-rio.org.br\/principal\/wp-json\/wp\/v2\/pages"}],"about":[{"href":"https:\/\/www.sinpro-rio.org.br\/principal\/wp-json\/wp\/v2\/types\/page"}],"author":[{"embeddable":true,"href":"https:\/\/www.sinpro-rio.org.br\/principal\/wp-json\/wp\/v2\/users\/1"}],"replies":[{"embeddable":true,"href":"https:\/\/www.sinpro-rio.org.br\/principal\/wp-json\/wp\/v2\/comments?post=32616"}],"version-history":[{"count":2,"href":"https:\/\/www.sinpro-rio.org.br\/principal\/wp-json\/wp\/v2\/pages\/32616\/revisions"}],"predecessor-version":[{"id":32621,"href":"https:\/\/www.sinpro-rio.org.br\/principal\/wp-json\/wp\/v2\/pages\/32616\/revisions\/32621"}],"wp:attachment":[{"href":"https:\/\/www.sinpro-rio.org.br\/principal\/wp-json\/wp\/v2\/media?parent=32616"}],"curies":[{"name":"wp","href":"https:\/\/api.w.org\/{rel}","templated":true}]}}