{"id":32520,"date":"2022-03-09T13:01:04","date_gmt":"2022-03-09T16:01:04","guid":{"rendered":"https:\/\/sinpro-rio.org.br\/principal\/?page_id=32520"},"modified":"2022-03-09T15:30:21","modified_gmt":"2022-03-09T18:30:21","slug":"privacidade","status":"publish","type":"page","link":"https:\/\/www.sinpro-rio.org.br\/principal\/privacidade\/","title":{"rendered":"Privacidade"},"content":{"rendered":"\n<h3 class=\"wp-block-heading\"><strong>POL\u00cdTICA DE PRIVACIDADE<\/strong><\/h3>\n\n\n\n<p><strong>SE\u00c7\u00c3O 1 &#8211; INFORMA\u00c7\u00d5ES GERAIS<\/strong><\/p>\n\n\n\n<p>A presente Pol\u00edtica de Privacidade cont\u00e9m informa\u00e7\u00f5es sobre coleta, uso, armazenamento, tratamento e prote\u00e7\u00e3o dos dados pessoais dos usu\u00e1rios e visitantes do aplicativo Sinpro-Rio OU\/E site www.sinpro-rio.org.br, com a finalidade de demonstrar absoluta transpar\u00eancia quanto ao assunto e esclarecer a todos interessados sobre os tipos de dados que s\u00e3o coletados, os motivos da coleta e a forma como os usu\u00e1rios podem gerenciar ou excluir as suas informa\u00e7\u00f5es pessoais.<\/p>\n\n\n\n<p>Esta Pol\u00edtica de Privacidade aplica-se a todos os usu\u00e1rios e visitantes do aplicativo Sinpro-Rio OU site www.sinpro-rio.org.br e integra os Termos e Condi\u00e7\u00f5es Gerais de Uso do aplicativo Sinpro-Rio OU site www.sinpro-rio.org.br, devidamente inscrita no CNPJ sob o n\u00ba 33.008.822\/0001-78, situado em Rua Pedro Lessa, 35 2\u00ba, 3\u00ba e 5\u00ba andares &#8211; Centro &#8211; CEP: 20030-030 (pr\u00f3ximo ao metr\u00f4 Cinel\u00e2ndia), doravante nominada Sindicato dos Professores do Rio de Janeiro e Regi\u00e3o.<\/p>\n\n\n\n<p>O presente documento foi elaborado em conformidade com a Lei Geral de Prote\u00e7\u00e3o de Dados Pessoais (Lei 13.709\/18), o Marco Civil da Internet (Lei 12.965\/14) (e o Regulamento da UE n. 2016\/6790). Ainda, o documento poder\u00e1 ser atualizado em decorr\u00eancia de eventual atualiza\u00e7\u00e3o normativa, raz\u00e3o pela qual se convida o usu\u00e1rio a consultar periodicamente esta se\u00e7\u00e3o.<\/p>\n\n\n\n<p><br><strong>SE\u00c7\u00c3O 2 &#8211; COMO RECOLHEMOS OS DADOS PESSOAIS DO USU\u00c1RIO E DO VISITANTE?<\/strong><\/p>\n\n\n\n<p>Os dados pessoais do usu\u00e1rio e visitante s\u00e3o recolhidos pela plataforma da seguinte forma:<\/p>\n\n\n\n<ul class=\"wp-block-list\"><li>Quando o usu\u00e1rio cria uma conta\/perfil na plataforma Sinpro-Rio: esses dados s\u00e3o os dados de identifica\u00e7\u00e3o b\u00e1sicos, como e-mail, nome completo e telefone celular. A partir deles, podemos identificar o usu\u00e1rio e o visitante, al\u00e9m de garantir uma maior seguran\u00e7a e bem-estar \u00e0s suas necessidades. Ficam cientes os usu\u00e1rios e visitantes de que seu perfil na plataforma N\u00c3O estar\u00e1 acess\u00edvel a todos demais usu\u00e1rios e visitantes da plataforma Sinpro-Rio.<\/li><li>Quando um usu\u00e1rio e visitante acessa p\u00e1ginas do site sinpro-rio.org.br OU o aplicativo do Sinpro-Rio: as informa\u00e7\u00f5es sobre intera\u00e7\u00e3o e acesso s\u00e3o coletadas pelo sindicato para garantir uma melhor experi\u00eancia ao usu\u00e1rio e visitante. Estes dados podem tratar sobre as palavras-chaves utilizadas em uma busca, o compartilhamento de um documento espec\u00edfico, coment\u00e1rios, visualiza\u00e7\u00f5es de p\u00e1ginas, perfis, a URL de onde o usu\u00e1rio e visitante prov\u00eam, o navegador que utilizam e seus IPs de acesso, dentre outras que poder\u00e3o ser armazenadas e retidas.<\/li><\/ul>\n\n\n\n<p><br><strong>SE\u00c7\u00c3O 3 &#8211; QUAIS DADOS PESSOAIS RECOLHEMOS SOBRE O USU\u00c1RIO E VISITANTE?<\/strong><\/p>\n\n\n\n<p>Os dados pessoais do usu\u00e1rio e visitante recolhidos s\u00e3o os seguintes:<\/p>\n\n\n\n<ul class=\"wp-block-list\"><li>Dados para a cria\u00e7\u00e3o da conta\/perfil na plataforma : CPF, e-mail e celular<\/li><li>Dados para otimiza\u00e7\u00e3o da navega\u00e7\u00e3o: acesso a p\u00e1ginas, palavras-chave utilizadas na busca, recomenda\u00e7\u00f5es, coment\u00e1rios, endere\u00e7o de IP e plataforma utilizada.<\/li><li>Dados para concretizar transa\u00e7\u00f5es: dados referentes ao pagamento e transa\u00e7\u00f5es, outras informa\u00e7\u00f5es sobre o cart\u00e3o, al\u00e9m dos pagamentos efetuados.<\/li><li>Newsletter: o e-mail cadastrado pelo visitante que optar por se inscrever na Newsletter ser\u00e1 coletado e armazenado at\u00e9 que o usu\u00e1rio solicite o descadastro.<\/li><li>Dados sens\u00edveis: a plataforma poder\u00e1 coletar os seguintes dados sens\u00edveis do usu\u00e1rio: opini\u00e3o pol\u00edtica<\/li><li>outras<\/li><\/ul>\n\n\n\n<p><br><strong>SE\u00c7\u00c3O 3 &#8211; PARA QUE FINALIDADES UTILIZAMOS OS DADOS PESSOAIS DO USU\u00c1RIO E VISITANTE?<\/strong><\/p>\n\n\n\n<p>Os dados pessoais do usu\u00e1rio e do visitante coletados e armazenados pela plataforma Sinpro-Rio tem por finalidade:<\/p>\n\n\n\n<ul class=\"wp-block-list\"><li>Bem-estar do usu\u00e1rio e visitante: aprimorar o produto e\/ou servi\u00e7o oferecido, facilitar, agilizar e cumprir os compromissos estabelecidos entre o usu\u00e1rio e a empresa, melhorar a experi\u00eancia dos usu\u00e1rios e fornecer funcionalidades espec\u00edficas a depender das caracter\u00edsticas b\u00e1sicas do usu\u00e1rio.<\/li><li>Melhorias da plataforma: compreender como o usu\u00e1rio utiliza os servi\u00e7os da plataforma, para ajudar no desenvolvimento de neg\u00f3cios e t\u00e9cnicas.<\/li><li>An\u00fancios: apresentar an\u00fancios personalizados para o usu\u00e1rio com base nos dados fornecidos.<\/li><li>Comercial: os dados s\u00e3o usados para personalizar o conte\u00fado oferecido e gerar subs\u00eddio \u00e0 plataforma para a melhora da qualidade no funcionamento dos servi\u00e7os.<\/li><li>Previs\u00e3o do perfil do usu\u00e1rio: tratamento automatizados de dados pessoais para avaliar o uso na plataforma.<\/li><li>Dados de cadastro: para permitir o acesso do usu\u00e1rio a determinados conte\u00fados da plataforma, exclusivo para usu\u00e1rios cadastrados<\/li><li>Dados de contrato: conferir \u00e0s partes seguran\u00e7a jur\u00eddica e facilitar a conclus\u00e3o do neg\u00f3cio.<\/li><li>Outras<\/li><\/ul>\n\n\n\n<p>O tratamento de dados pessoais para finalidades n\u00e3o previstas nesta Pol\u00edtica de Privacidade somente ocorrer\u00e1 mediante comunica\u00e7\u00e3o pr\u00e9via ao usu\u00e1rio, de modo que os direitos e obriga\u00e7\u00f5es aqui previstos permanecem aplic\u00e1veis.<\/p>\n\n\n\n<p><br><strong>SE\u00c7\u00c3O 4 &#8211; POR QUANTO TEMPO OS DADOS PESSOAIS FICAM ARMAZENADOS?<\/strong><\/p>\n\n\n\n<p>Os dados pessoais do usu\u00e1rio e visitante s\u00e3o armazenados pela plataforma durante o per\u00edodo necess\u00e1rio para a presta\u00e7\u00e3o do servi\u00e7o ou o cumprimento das finalidades previstas no presente documento, conforme o disposto no inciso I do artigo 15 da Lei 13.709\/18.<\/p>\n\n\n\n<p>Os dados podem ser removidos ou anonimizados a pedido do usu\u00e1rio, excetuando os casos em que a lei oferecer outro tratamento.<\/p>\n\n\n\n<p>Ainda, os dados pessoais dos usu\u00e1rios apenas podem ser conservados ap\u00f3s o t\u00e9rmino de seu tratamento nas seguintes hip\u00f3teses previstas no artigo 16 da referida lei:<\/p>\n\n\n\n<p>I &#8211; cumprimento de obriga\u00e7\u00e3o legal ou regulat\u00f3ria pelo controlador;<\/p>\n\n\n\n<p>II &#8211; estudo por \u00f3rg\u00e3o de pesquisa, garantida, sempre que poss\u00edvel, a anonimiza\u00e7\u00e3o dos dados pessoais;<\/p>\n\n\n\n<p>III &#8211; transfer\u00eancia a terceiro, desde que respeitados os requisitos de tratamento de dados dispostos nesta Lei;<\/p>\n\n\n\n<p>IV &#8211; uso exclusivo do controlador, vedado seu acesso por terceiro, e desde que anonimizados os dados.<\/p>\n\n\n\n<p><br><strong>SE\u00c7\u00c3O 5 &#8211; SEGURAN\u00c7A DOS DADOS PESSOAIS ARMAZENADOS<\/strong><\/p>\n\n\n\n<p>A plataforma se compromete a aplicar as medidas t\u00e9cnicas e organizativas aptas a proteger os dados pessoais de acessos n\u00e3o autorizados e de situa\u00e7\u00f5es de destrui\u00e7\u00e3o, perda, altera\u00e7\u00e3o, comunica\u00e7\u00e3o ou difus\u00e3o de tais dados.<\/p>\n\n\n\n<p>Todos os dados s\u00e3o criptografados usando a tecnologia &#8220;secure socket layer&#8221; (SSL) que garante a transmiss\u00e3o de dados de forma segura e confidencial, de modo que a transmiss\u00e3o dos dados entre o servidor e o usu\u00e1rio ocorre de maneira cifrada e encriptada.<\/p>\n\n\n\n<p>A plataforma n\u00e3o se exime de responsabilidade por culpa exclusiva de terceiro, como em caso de ataque de hackers ou crackers, ou culpa exclusiva do usu\u00e1rio, como no caso em que ele mesmo transfere seus dados a terceiros. O site se compromete a comunicar o usu\u00e1rio em caso de alguma viola\u00e7\u00e3o de seguran\u00e7a dos seus dados pessoais.<\/p>\n\n\n\n<p>Os dados pessoais armazenados s\u00e3o tratados com confidencialidade, dentro dos limites legais. No entanto, podemos divulgar suas informa\u00e7\u00f5es pessoais caso sejamos obrigados pela lei para faz\u00ea-lo ou se voc\u00ea violar nossos Termos de Servi\u00e7o.<\/p>\n\n\n\n<p><br><strong>SE\u00c7\u00c3O 6 &#8211; COMPARTILHAMENTO DOS DADOS<\/strong><\/p>\n\n\n\n<p>N\u00e3o compartilhamos dados dos usu\u00e1rios com nenhuma parceria, ficando restrita as informa\u00e7\u00f5es ao sistema de cadastro de filiados do Sinpro-Rio, exceto obrigados por lei.<br><\/p>\n\n\n\n<p><strong>SE\u00c7\u00c3O 6 &#8211; OS DADOS PESSOAIS ARMAZENADOS SER\u00c3O TRANSFERIDOS A TERCEIROS?<br><\/strong><br>Os dados pessoais N\u00c3O poder\u00e3o ser compartilhados com terceiros.<\/p>\n\n\n\n<p>Ao ser redirecionado para um aplicativo ou site de terceiros, voc\u00ea n\u00e3o ser\u00e1 mais regido por essa Pol\u00edtica de Privacidade ou pelos Termos de Servi\u00e7o da nossa plataforma. N\u00e3o somos respons\u00e1veis pelas pr\u00e1ticas de privacidade de outros sites e lhe incentivamos a ler as declara\u00e7\u00f5es de privacidade deles.<\/p>\n\n\n\n<p><br><br><strong>SE\u00c7\u00c3O 07 \u2013 COOKIES OU DADOS DE NAVEGA\u00c7\u00c3O<\/strong><\/p>\n\n\n\n<p>Os cookies referem-se a arquivos de texto enviados pela plataforma ao computador do usu\u00e1rio e visitante e que nele ficam armazenados, com informa\u00e7\u00f5es relacionadas \u00e0 navega\u00e7\u00e3o no site. Tais informa\u00e7\u00f5es s\u00e3o relacionadas aos dados de acesso como local e hor\u00e1rio de acesso e s\u00e3o armazenadas pelo navegador do usu\u00e1rio e visitante para que o servidor da plataforma possa l\u00ea-las posteriormente a fim de personalizar os servi\u00e7os da plataforma.<\/p>\n\n\n\n<p>O usu\u00e1rio e o visitante da plataforma Sinpro-Rio manifesta conhecer e aceitar que pode ser utilizado um sistema de coleta de dados de navega\u00e7\u00e3o mediante \u00e0 utiliza\u00e7\u00e3o de cookies.<\/p>\n\n\n\n<p>O cookie persistente permanece no disco r\u00edgido do usu\u00e1rio e visitante depois que o navegador \u00e9 fechado e ser\u00e1 usado pelo navegador em visitas subsequentes ao site. Os cookies persistentes podem ser removidos seguindo as instru\u00e7\u00f5es do seu navegador. J\u00e1 o cookie de sess\u00e3o \u00e9 tempor\u00e1rio e desaparece depois que o navegador \u00e9 fechado. \u00c9 poss\u00edvel redefinir seu navegador da web para recusar todos os cookies, por\u00e9m alguns recursos da plataforma podem n\u00e3o funcionar corretamente se a capacidade de aceitar cookies estiver desabilitada.<br><\/p>\n\n\n\n<p><strong>SE\u00c7\u00c3O 8 \u2013 CONSENTIMENTO<\/strong><\/p>\n\n\n\n<p>Ao utilizar os servi\u00e7os e fornecer as informa\u00e7\u00f5es pessoais na plataforma, o usu\u00e1rio est\u00e1 consentindo com a presente Pol\u00edtica de Privacidade.<\/p>\n\n\n\n<p>O usu\u00e1rio, ao cadastrar-se, manifesta conhecer e pode exercitar seus direitos de cancelar seu cadastro, acessar e atualizar seus dados pessoais e garante a veracidade das informa\u00e7\u00f5es por ele disponibilizadas.<\/p>\n\n\n\n<p>O usu\u00e1rio tem direito de retirar o seu consentimento a qualquer tempo, para tanto deve entrar em contato atrav\u00e9s do e-mail <a href=\"mailto:cadastro@sinpro-rio.org.br\">cadastro@sinpro-rio.org.br<\/a> <em>ou por correio enviado ao seguinte endere\u00e7o: <\/em><em><strong>Rua<\/strong><\/em><em><strong> Pedro Lessa, 35 2\u00ba, 3\u00ba e 5\u00ba andares &#8211; Centro &#8211; CEP: 20030-030 (pr\u00f3ximo ao metr\u00f4 Cinel\u00e2ndia) \u2013 <\/strong><\/em><em><strong>Rio de Janeiro<\/strong><\/em><\/p>\n\n\n\n<p><strong><br><br>SE\u00c7\u00c3O 9 &#8211; ALTERA\u00c7\u00d5ES PARA ESSA POL\u00cdTICA DE PRIVACIDADE<\/strong><\/p>\n\n\n\n<p>Reservamos o direito de modificar essa Pol\u00edtica de Privacidade a qualquer momento, ent\u00e3o, \u00e9 recomend\u00e1vel que o usu\u00e1rio e visitante revise-a com frequ\u00eancia.<\/p>\n\n\n\n<p>As altera\u00e7\u00f5es e esclarecimentos v\u00e3o surtir efeito imediatamente ap\u00f3s sua publica\u00e7\u00e3o na plataforma. Quando realizadas altera\u00e7\u00f5es os usu\u00e1rios ser\u00e3o notificados. Ao utilizar o servi\u00e7o ou fornecer informa\u00e7\u00f5es pessoais ap\u00f3s eventuais modifica\u00e7\u00f5es, o usu\u00e1rio e visitante demonstra sua concord\u00e2ncia com as novas normas.<\/p>\n\n\n\n<p><\/p>\n\n\n\n<p><strong>SE\u00c7\u00c3O 10 \u2013 JURISDI\u00c7\u00c3O PARA RESOLU\u00c7\u00c3O DE CONFLITOS<\/strong><\/p>\n\n\n\n<p>Para a solu\u00e7\u00e3o de controv\u00e9rsias decorrentes do presente instrumento ser\u00e1 aplicado integralmente o Direito brasileiro.<\/p>\n\n\n\n<p>Os eventuais lit\u00edgios dever\u00e3o ser apresentados no foro da comarca em que se encontra a sede do Sinpro-Rio.<\/p>\n","protected":false},"excerpt":{"rendered":"<p>POL\u00cdTICA DE PRIVACIDADE SE\u00c7\u00c3O 1 &#8211; INFORMA\u00c7\u00d5ES GERAIS A presente Pol\u00edtica de Privacidade cont\u00e9m informa\u00e7\u00f5es sobre coleta, uso, armazenamento, tratamento e prote\u00e7\u00e3o dos dados pessoais dos usu\u00e1rios e visitantes do aplicativo Sinpro-Rio OU\/E site www.sinpro-rio.org.br, com a finalidade de demonstrar absoluta transpar\u00eancia quanto ao assunto e esclarecer a todos interessados sobre os tipos de dados [&hellip;]<\/p>\n","protected":false},"author":1,"featured_media":0,"parent":0,"menu_order":0,"comment_status":"closed","ping_status":"closed","template":"","meta":{"footnotes":""},"class_list":["post-32520","page","type-page","status-publish","hentry"],"yoast_head":"<!-- This site is optimized with the Yoast SEO plugin v25.7 - https:\/\/yoast.com\/wordpress\/plugins\/seo\/ -->\n<title>Privacidade - Sinpro-Rio<\/title>\n<meta name=\"robots\" content=\"index, follow, max-snippet:-1, max-image-preview:large, max-video-preview:-1\" \/>\n<link rel=\"canonical\" href=\"https:\/\/www.sinpro-rio.org.br\/principal\/privacidade\/\" \/>\n<meta property=\"og:locale\" content=\"pt_BR\" \/>\n<meta property=\"og:type\" content=\"article\" \/>\n<meta property=\"og:title\" content=\"Privacidade - Sinpro-Rio\" \/>\n<meta property=\"og:description\" content=\"POL\u00cdTICA DE PRIVACIDADE SE\u00c7\u00c3O 1 &#8211; INFORMA\u00c7\u00d5ES GERAIS A presente Pol\u00edtica de Privacidade cont\u00e9m informa\u00e7\u00f5es sobre coleta, uso, armazenamento, tratamento e prote\u00e7\u00e3o dos dados pessoais dos usu\u00e1rios e visitantes do aplicativo Sinpro-Rio OU\/E site www.sinpro-rio.org.br, com a finalidade de demonstrar absoluta transpar\u00eancia quanto ao assunto e esclarecer a todos interessados sobre os tipos de dados [&hellip;]\" \/>\n<meta property=\"og:url\" content=\"https:\/\/www.sinpro-rio.org.br\/principal\/privacidade\/\" \/>\n<meta property=\"og:site_name\" content=\"Sinpro-Rio\" \/>\n<meta property=\"article:modified_time\" content=\"2022-03-09T18:30:21+00:00\" \/>\n<meta name=\"twitter:card\" content=\"summary_large_image\" \/>\n<meta name=\"twitter:label1\" content=\"Est. tempo de leitura\" \/>\n\t<meta name=\"twitter:data1\" content=\"9 minutos\" \/>\n<script type=\"application\/ld+json\" class=\"yoast-schema-graph\">{\"@context\":\"https:\/\/schema.org\",\"@graph\":[{\"@type\":\"WebPage\",\"@id\":\"https:\/\/www.sinpro-rio.org.br\/principal\/privacidade\/\",\"url\":\"https:\/\/www.sinpro-rio.org.br\/principal\/privacidade\/\",\"name\":\"Privacidade - Sinpro-Rio\",\"isPartOf\":{\"@id\":\"https:\/\/www.sinpro-rio.org.br\/principal\/#website\"},\"datePublished\":\"2022-03-09T16:01:04+00:00\",\"dateModified\":\"2022-03-09T18:30:21+00:00\",\"breadcrumb\":{\"@id\":\"https:\/\/www.sinpro-rio.org.br\/principal\/privacidade\/#breadcrumb\"},\"inLanguage\":\"pt-BR\",\"potentialAction\":[{\"@type\":\"ReadAction\",\"target\":[\"https:\/\/www.sinpro-rio.org.br\/principal\/privacidade\/\"]}]},{\"@type\":\"BreadcrumbList\",\"@id\":\"https:\/\/www.sinpro-rio.org.br\/principal\/privacidade\/#breadcrumb\",\"itemListElement\":[{\"@type\":\"ListItem\",\"position\":1,\"name\":\"In\u00edcio\",\"item\":\"https:\/\/www.sinpro-rio.org.br\/principal\/\"},{\"@type\":\"ListItem\",\"position\":2,\"name\":\"Privacidade\"}]},{\"@type\":\"WebSite\",\"@id\":\"https:\/\/www.sinpro-rio.org.br\/principal\/#website\",\"url\":\"https:\/\/www.sinpro-rio.org.br\/principal\/\",\"name\":\"Sinpro-Rio\",\"description\":\"Sindicato dos Professores do Munic\u00edpio do Rio de Janeiro e Regi\u00e3o\",\"potentialAction\":[{\"@type\":\"SearchAction\",\"target\":{\"@type\":\"EntryPoint\",\"urlTemplate\":\"https:\/\/www.sinpro-rio.org.br\/principal\/?s={search_term_string}\"},\"query-input\":{\"@type\":\"PropertyValueSpecification\",\"valueRequired\":true,\"valueName\":\"search_term_string\"}}],\"inLanguage\":\"pt-BR\"}]}<\/script>\n<!-- \/ Yoast SEO plugin. -->","yoast_head_json":{"title":"Privacidade - Sinpro-Rio","robots":{"index":"index","follow":"follow","max-snippet":"max-snippet:-1","max-image-preview":"max-image-preview:large","max-video-preview":"max-video-preview:-1"},"canonical":"https:\/\/www.sinpro-rio.org.br\/principal\/privacidade\/","og_locale":"pt_BR","og_type":"article","og_title":"Privacidade - Sinpro-Rio","og_description":"POL\u00cdTICA DE PRIVACIDADE SE\u00c7\u00c3O 1 &#8211; INFORMA\u00c7\u00d5ES GERAIS A presente Pol\u00edtica de Privacidade cont\u00e9m informa\u00e7\u00f5es sobre coleta, uso, armazenamento, tratamento e prote\u00e7\u00e3o dos dados pessoais dos usu\u00e1rios e visitantes do aplicativo Sinpro-Rio OU\/E site www.sinpro-rio.org.br, com a finalidade de demonstrar absoluta transpar\u00eancia quanto ao assunto e esclarecer a todos interessados sobre os tipos de dados [&hellip;]","og_url":"https:\/\/www.sinpro-rio.org.br\/principal\/privacidade\/","og_site_name":"Sinpro-Rio","article_modified_time":"2022-03-09T18:30:21+00:00","twitter_card":"summary_large_image","twitter_misc":{"Est. tempo de leitura":"9 minutos"},"schema":{"@context":"https:\/\/schema.org","@graph":[{"@type":"WebPage","@id":"https:\/\/www.sinpro-rio.org.br\/principal\/privacidade\/","url":"https:\/\/www.sinpro-rio.org.br\/principal\/privacidade\/","name":"Privacidade - Sinpro-Rio","isPartOf":{"@id":"https:\/\/www.sinpro-rio.org.br\/principal\/#website"},"datePublished":"2022-03-09T16:01:04+00:00","dateModified":"2022-03-09T18:30:21+00:00","breadcrumb":{"@id":"https:\/\/www.sinpro-rio.org.br\/principal\/privacidade\/#breadcrumb"},"inLanguage":"pt-BR","potentialAction":[{"@type":"ReadAction","target":["https:\/\/www.sinpro-rio.org.br\/principal\/privacidade\/"]}]},{"@type":"BreadcrumbList","@id":"https:\/\/www.sinpro-rio.org.br\/principal\/privacidade\/#breadcrumb","itemListElement":[{"@type":"ListItem","position":1,"name":"In\u00edcio","item":"https:\/\/www.sinpro-rio.org.br\/principal\/"},{"@type":"ListItem","position":2,"name":"Privacidade"}]},{"@type":"WebSite","@id":"https:\/\/www.sinpro-rio.org.br\/principal\/#website","url":"https:\/\/www.sinpro-rio.org.br\/principal\/","name":"Sinpro-Rio","description":"Sindicato dos Professores do Munic\u00edpio do Rio de Janeiro e Regi\u00e3o","potentialAction":[{"@type":"SearchAction","target":{"@type":"EntryPoint","urlTemplate":"https:\/\/www.sinpro-rio.org.br\/principal\/?s={search_term_string}"},"query-input":{"@type":"PropertyValueSpecification","valueRequired":true,"valueName":"search_term_string"}}],"inLanguage":"pt-BR"}]}},"_links":{"self":[{"href":"https:\/\/www.sinpro-rio.org.br\/principal\/wp-json\/wp\/v2\/pages\/32520","targetHints":{"allow":["GET"]}}],"collection":[{"href":"https:\/\/www.sinpro-rio.org.br\/principal\/wp-json\/wp\/v2\/pages"}],"about":[{"href":"https:\/\/www.sinpro-rio.org.br\/principal\/wp-json\/wp\/v2\/types\/page"}],"author":[{"embeddable":true,"href":"https:\/\/www.sinpro-rio.org.br\/principal\/wp-json\/wp\/v2\/users\/1"}],"replies":[{"embeddable":true,"href":"https:\/\/www.sinpro-rio.org.br\/principal\/wp-json\/wp\/v2\/comments?post=32520"}],"version-history":[{"count":6,"href":"https:\/\/www.sinpro-rio.org.br\/principal\/wp-json\/wp\/v2\/pages\/32520\/revisions"}],"predecessor-version":[{"id":32529,"href":"https:\/\/www.sinpro-rio.org.br\/principal\/wp-json\/wp\/v2\/pages\/32520\/revisions\/32529"}],"wp:attachment":[{"href":"https:\/\/www.sinpro-rio.org.br\/principal\/wp-json\/wp\/v2\/media?parent=32520"}],"curies":[{"name":"wp","href":"https:\/\/api.w.org\/{rel}","templated":true}]}}