{"id":26435,"date":"2019-09-03T17:28:20","date_gmt":"2019-09-03T20:28:20","guid":{"rendered":"https:\/\/sinpro-rio.org.br\/principal\/?page_id=26435"},"modified":"2025-01-08T10:16:41","modified_gmt":"2025-01-08T13:16:41","slug":"meu-sinpro","status":"publish","type":"page","link":"https:\/\/www.sinpro-rio.org.br\/principal\/meu-sinpro\/","title":{"rendered":"Meu Sinpro"},"content":{"rendered":"\n<p>Boas vindas, sindicalizado\/a!<br>Aqui voc\u00ea pode criar um login e ter acesso a informa\u00e7\u00f5es como:<\/p>\n\n\n\n<ul class=\"wp-block-list\">\n<li>Hist\u00f3rico de pagamento dos \u00faltimos meses e imagem de sua carteira (virtual)<\/li>\n\n\n\n<li>Solicitar of\u00edcios e\/ou declara\u00e7\u00f5es<\/li>\n\n\n\n<li>Fazer agendamentos com advogado\/as<\/li>\n\n\n\n<li>Manter seus dados sempre atualizados.<\/li>\n<\/ul>\n\n\n\n<p>Para criar sua conta \u00e9 necess\u00e1rio voc\u00ea ser um membro sindicalizado do Sinpro-Rio e para acessar todos os servi\u00e7os estar com as contribui\u00e7\u00f5es em dia.<br>Use as op\u00e7\u00f5es ao lado para criar seu acesso a \u00e1rea privativa ou acessar a sua \u00e1rea.<\/p>\n","protected":false},"excerpt":{"rendered":"<p>Boas vindas, sindicalizado\/a!Aqui voc\u00ea pode criar um login e ter acesso a informa\u00e7\u00f5es como: Para criar sua conta \u00e9 necess\u00e1rio voc\u00ea ser um membro sindicalizado do Sinpro-Rio e para acessar todos os servi\u00e7os estar com as contribui\u00e7\u00f5es em dia.Use as op\u00e7\u00f5es ao lado para criar seu acesso a \u00e1rea privativa ou acessar a sua \u00e1rea.<\/p>\n","protected":false},"author":1,"featured_media":0,"parent":0,"menu_order":0,"comment_status":"closed","ping_status":"closed","template":"","meta":{"footnotes":""},"class_list":["post-26435","page","type-page","status-publish","hentry"],"yoast_head":"<!-- This site is optimized with the Yoast SEO plugin v25.7 - https:\/\/yoast.com\/wordpress\/plugins\/seo\/ -->\n<title>Meu Sinpro - Sinpro-Rio<\/title>\n<meta name=\"robots\" content=\"index, follow, max-snippet:-1, max-image-preview:large, max-video-preview:-1\" \/>\n<link rel=\"canonical\" href=\"https:\/\/www.sinpro-rio.org.br\/principal\/meu-sinpro\/\" \/>\n<meta property=\"og:locale\" content=\"pt_BR\" \/>\n<meta property=\"og:type\" content=\"article\" \/>\n<meta property=\"og:title\" content=\"Meu Sinpro - Sinpro-Rio\" \/>\n<meta property=\"og:description\" content=\"Boas vindas, sindicalizado\/a!Aqui voc\u00ea pode criar um login e ter acesso a informa\u00e7\u00f5es como: Para criar sua conta \u00e9 necess\u00e1rio voc\u00ea ser um membro sindicalizado do Sinpro-Rio e para acessar todos os servi\u00e7os estar com as contribui\u00e7\u00f5es em dia.Use as op\u00e7\u00f5es ao lado para criar seu acesso a \u00e1rea privativa ou acessar a sua \u00e1rea.\" \/>\n<meta property=\"og:url\" content=\"https:\/\/www.sinpro-rio.org.br\/principal\/meu-sinpro\/\" \/>\n<meta property=\"og:site_name\" content=\"Sinpro-Rio\" \/>\n<meta property=\"article:modified_time\" content=\"2025-01-08T13:16:41+00:00\" \/>\n<meta name=\"twitter:card\" content=\"summary_large_image\" \/>\n<script type=\"application\/ld+json\" class=\"yoast-schema-graph\">{\"@context\":\"https:\/\/schema.org\",\"@graph\":[{\"@type\":\"WebPage\",\"@id\":\"https:\/\/www.sinpro-rio.org.br\/principal\/meu-sinpro\/\",\"url\":\"https:\/\/www.sinpro-rio.org.br\/principal\/meu-sinpro\/\",\"name\":\"Meu Sinpro - Sinpro-Rio\",\"isPartOf\":{\"@id\":\"https:\/\/www.sinpro-rio.org.br\/principal\/#website\"},\"datePublished\":\"2019-09-03T20:28:20+00:00\",\"dateModified\":\"2025-01-08T13:16:41+00:00\",\"breadcrumb\":{\"@id\":\"https:\/\/www.sinpro-rio.org.br\/principal\/meu-sinpro\/#breadcrumb\"},\"inLanguage\":\"pt-BR\",\"potentialAction\":[{\"@type\":\"ReadAction\",\"target\":[\"https:\/\/www.sinpro-rio.org.br\/principal\/meu-sinpro\/\"]}]},{\"@type\":\"BreadcrumbList\",\"@id\":\"https:\/\/www.sinpro-rio.org.br\/principal\/meu-sinpro\/#breadcrumb\",\"itemListElement\":[{\"@type\":\"ListItem\",\"position\":1,\"name\":\"In\u00edcio\",\"item\":\"https:\/\/www.sinpro-rio.org.br\/principal\/\"},{\"@type\":\"ListItem\",\"position\":2,\"name\":\"Meu Sinpro\"}]},{\"@type\":\"WebSite\",\"@id\":\"https:\/\/www.sinpro-rio.org.br\/principal\/#website\",\"url\":\"https:\/\/www.sinpro-rio.org.br\/principal\/\",\"name\":\"Sinpro-Rio\",\"description\":\"Sindicato dos Professores do Munic\u00edpio do Rio de Janeiro e Regi\u00e3o\",\"potentialAction\":[{\"@type\":\"SearchAction\",\"target\":{\"@type\":\"EntryPoint\",\"urlTemplate\":\"https:\/\/www.sinpro-rio.org.br\/principal\/?s={search_term_string}\"},\"query-input\":{\"@type\":\"PropertyValueSpecification\",\"valueRequired\":true,\"valueName\":\"search_term_string\"}}],\"inLanguage\":\"pt-BR\"}]}<\/script>\n<!-- \/ Yoast SEO plugin. -->","yoast_head_json":{"title":"Meu Sinpro - Sinpro-Rio","robots":{"index":"index","follow":"follow","max-snippet":"max-snippet:-1","max-image-preview":"max-image-preview:large","max-video-preview":"max-video-preview:-1"},"canonical":"https:\/\/www.sinpro-rio.org.br\/principal\/meu-sinpro\/","og_locale":"pt_BR","og_type":"article","og_title":"Meu Sinpro - Sinpro-Rio","og_description":"Boas vindas, sindicalizado\/a!Aqui voc\u00ea pode criar um login e ter acesso a informa\u00e7\u00f5es como: Para criar sua conta \u00e9 necess\u00e1rio voc\u00ea ser um membro sindicalizado do Sinpro-Rio e para acessar todos os servi\u00e7os estar com as contribui\u00e7\u00f5es em dia.Use as op\u00e7\u00f5es ao lado para criar seu acesso a \u00e1rea privativa ou acessar a sua \u00e1rea.","og_url":"https:\/\/www.sinpro-rio.org.br\/principal\/meu-sinpro\/","og_site_name":"Sinpro-Rio","article_modified_time":"2025-01-08T13:16:41+00:00","twitter_card":"summary_large_image","schema":{"@context":"https:\/\/schema.org","@graph":[{"@type":"WebPage","@id":"https:\/\/www.sinpro-rio.org.br\/principal\/meu-sinpro\/","url":"https:\/\/www.sinpro-rio.org.br\/principal\/meu-sinpro\/","name":"Meu Sinpro - Sinpro-Rio","isPartOf":{"@id":"https:\/\/www.sinpro-rio.org.br\/principal\/#website"},"datePublished":"2019-09-03T20:28:20+00:00","dateModified":"2025-01-08T13:16:41+00:00","breadcrumb":{"@id":"https:\/\/www.sinpro-rio.org.br\/principal\/meu-sinpro\/#breadcrumb"},"inLanguage":"pt-BR","potentialAction":[{"@type":"ReadAction","target":["https:\/\/www.sinpro-rio.org.br\/principal\/meu-sinpro\/"]}]},{"@type":"BreadcrumbList","@id":"https:\/\/www.sinpro-rio.org.br\/principal\/meu-sinpro\/#breadcrumb","itemListElement":[{"@type":"ListItem","position":1,"name":"In\u00edcio","item":"https:\/\/www.sinpro-rio.org.br\/principal\/"},{"@type":"ListItem","position":2,"name":"Meu Sinpro"}]},{"@type":"WebSite","@id":"https:\/\/www.sinpro-rio.org.br\/principal\/#website","url":"https:\/\/www.sinpro-rio.org.br\/principal\/","name":"Sinpro-Rio","description":"Sindicato dos Professores do Munic\u00edpio do Rio de Janeiro e Regi\u00e3o","potentialAction":[{"@type":"SearchAction","target":{"@type":"EntryPoint","urlTemplate":"https:\/\/www.sinpro-rio.org.br\/principal\/?s={search_term_string}"},"query-input":{"@type":"PropertyValueSpecification","valueRequired":true,"valueName":"search_term_string"}}],"inLanguage":"pt-BR"}]}},"_links":{"self":[{"href":"https:\/\/www.sinpro-rio.org.br\/principal\/wp-json\/wp\/v2\/pages\/26435","targetHints":{"allow":["GET"]}}],"collection":[{"href":"https:\/\/www.sinpro-rio.org.br\/principal\/wp-json\/wp\/v2\/pages"}],"about":[{"href":"https:\/\/www.sinpro-rio.org.br\/principal\/wp-json\/wp\/v2\/types\/page"}],"author":[{"embeddable":true,"href":"https:\/\/www.sinpro-rio.org.br\/principal\/wp-json\/wp\/v2\/users\/1"}],"replies":[{"embeddable":true,"href":"https:\/\/www.sinpro-rio.org.br\/principal\/wp-json\/wp\/v2\/comments?post=26435"}],"version-history":[{"count":5,"href":"https:\/\/www.sinpro-rio.org.br\/principal\/wp-json\/wp\/v2\/pages\/26435\/revisions"}],"predecessor-version":[{"id":38937,"href":"https:\/\/www.sinpro-rio.org.br\/principal\/wp-json\/wp\/v2\/pages\/26435\/revisions\/38937"}],"wp:attachment":[{"href":"https:\/\/www.sinpro-rio.org.br\/principal\/wp-json\/wp\/v2\/media?parent=26435"}],"curies":[{"name":"wp","href":"https:\/\/api.w.org\/{rel}","templated":true}]}}