{"id":24945,"date":"2019-05-17T10:07:31","date_gmt":"2019-05-17T13:07:31","guid":{"rendered":"https:\/\/sitio.sinpro-rio.org.br\/site\/?page_id=24945"},"modified":"2022-06-22T15:50:05","modified_gmt":"2022-06-22T18:50:05","slug":"sedes","status":"publish","type":"page","link":"https:\/\/www.sinpro-rio.org.br\/principal\/sedes\/","title":{"rendered":"Sedes"},"content":{"rendered":"\n<section id=\"content\" style=\"margin-bottom: 0px;\"> \n        <div id=\"formulario\">\t\n\t<div class=\"content\">\n<div class=\"col-md-12\">\n\n\n\n\t<div class=\"spaco\"> <\/div>\n\n\t\t<div class=\"row\">\n\t\t\t<div class=\"col-md-6\">\n\t\t\t\t<div class=\"caixaMapa\">\n                    <div class=\"fluid-width-video-wrapper\" style=\"padding-top: 47.1503%;\"><iframe class=\"imagem\" src=\"https:\/\/www.google.com\/maps\/embed?pb=!1m18!1m12!1m3!1d3675.086651751161!2d-43.176467584461165!3d-22.910174543752955!2m3!1f0!2f0!3f0!3m2!1i1024!2i768!4f13.1!3m3!1m2!1s0x9981df7eaee8a5%3A0xe37e6b8e8e39c8d1!2sR.+Pedro+Lessa%2C+35+-+Centro%2C+Rio+de+Janeiro+-+RJ!5e0!3m2!1spt-BR!2sbr!4v1511465613553\" frameborder=\"0\" style=\"border:0\" allowfullscreen=\"\" id=\"fitvid0\"><\/iframe><\/div>\n                    <p class=\"tag\">SEDE<\/p>\n                    <p class=\"titulo\">Centro<\/p>\n                    <p class=\"descricao\">\n                        Rua Pedro Lessa, 35<br>\n                        2\u00ba, 3\u00ba e 5\u00ba andares<br>\n                        Centro &#8211; CEP: 20030-030<br>\n                        (pr\u00f3ximo ao metr\u00f4 Cinel\u00e2ndia)<br>\n                        Tel: (21) 3262-3400\n                    <\/p>\n                    <a target=\"_blank\" href=\"https:\/\/www.google.com.br\/maps\/dir\/\/R.+Pedro+Lessa,+35+-+Centro,+Rio+de+Janeiro+-+RJ\/@-22.9101745,-43.1764676,17z\/data=!4m17!1m7!3m6!1s0x9981df7eaee8a5:0xe37e6b8e8e39c8d1!2sR.+Pedro+Lessa,+35+-+Centro,+Rio+de+Janeiro+-+RJ!3b1!8m2!3d-22.9101795!4d-43.1742789!4m8!1m0!1m5!1m1!1s0x9981df7eaee8a5:0xe37e6b8e8e39c8d1!2m2!1d-43.1742789!2d-22.9101795!3e2?hl=pt-BR\" class=\"icoComoChegar\" rel=\"noopener noreferrer\">COMO CHEGAR<\/a>\n                <\/div>\n\t\t\t<\/div>\n\t\t\t<div class=\"col-md-6\">\n\t\t\t\t                <div class=\"caixaMapa\">\n                <div class=\"fluid-width-video-wrapper\" style=\"padding-top: 47.1503%;\"><iframe src=\"https:\/\/www.google.com\/maps\/embed?pb=!1m18!1m12!1m3!1d1837.6375683286162!2d-43.56385158772728!3d-22.903220491223095!2m3!1f0!2f0!3f0!3m2!1i1024!2i768!4f13.1!3m3!1m2!1s0x9be3fda550f35f%3A0x6472c06664337c69!2sSindicato+dos+Professores+do+Munic%C3%ADpio+do+Rio+de+Janeiro+e+Regi%C3%A3o!5e0!3m2!1spt-BR!2sbr!4v1520369902144\" frameborder=\"0\" style=\"border:0\" allowfullscreen=\"\" id=\"fitvid1\"><\/iframe><\/div>\n                    <p class=\"tag\">Subsede<\/p>\n                    <p class=\"titulo\">Campo Grande<\/p>\n                    <p class=\"descricao\">\n                    R. Manai, 180<br>\n                    Campo Grande &#8211; CEP 23052-220<br>\n                    Tel: (21) 3402-1768 <br \/>\n\nWhatsapp: (21) 99184-5730\n                    <\/p>\n                    <a target=\"_blank\" href=\"https:\/\/www.google.com.br\/maps\/place\/Sindicato+dos+Professores+do+Munic%C3%ADpio+do+Rio+de+Janeiro+e+Regi%C3%A3o\/@-22.9032205,-43.5638516,18z\/data=!4m8!1m2!2m1!1sRua+Manai+180-+Campo+Grande,+Rio+de+Janeiro+-+RJ+sindicato!3m4!1s0x9be3fda550f35f:0x6472c06664337c69!8m2!3d-22.9032047!4d-43.5625532?hl=pt-BR\" class=\"icoComoChegar\" rel=\"noopener noreferrer\">COMO CHEGAR<\/a>\n                <\/div>\n\t\t\t<\/div>\n\t\t<\/div>\n\n<\/div>\n<\/div>\n<\/div>\n<\/section>\n","protected":false},"excerpt":{"rendered":"<p>SEDE Centro Rua Pedro Lessa, 35 2\u00ba, 3\u00ba e 5\u00ba andares Centro &#8211; CEP: 20030-030 (pr\u00f3ximo ao metr\u00f4 Cinel\u00e2ndia) Tel: (21) 3262-3400 COMO CHEGAR Subsede Campo Grande R. Manai, 180 Campo Grande &#8211; CEP 23052-220 Tel: (21) 3402-1768 Whatsapp: (21) 99184-5730 COMO CHEGAR<\/p>\n","protected":false},"author":1,"featured_media":0,"parent":0,"menu_order":0,"comment_status":"closed","ping_status":"closed","template":"","meta":{"footnotes":""},"class_list":["post-24945","page","type-page","status-publish","hentry"],"yoast_head":"<!-- This site is optimized with the Yoast SEO plugin v25.7 - https:\/\/yoast.com\/wordpress\/plugins\/seo\/ -->\n<title>Sedes - Sinpro-Rio<\/title>\n<meta name=\"robots\" content=\"index, follow, max-snippet:-1, max-image-preview:large, max-video-preview:-1\" \/>\n<link rel=\"canonical\" href=\"https:\/\/www.sinpro-rio.org.br\/principal\/sedes\/\" \/>\n<meta property=\"og:locale\" content=\"pt_BR\" \/>\n<meta property=\"og:type\" content=\"article\" \/>\n<meta property=\"og:title\" content=\"Sedes - Sinpro-Rio\" \/>\n<meta property=\"og:description\" content=\"SEDE Centro Rua Pedro Lessa, 35 2\u00ba, 3\u00ba e 5\u00ba andares Centro &#8211; CEP: 20030-030 (pr\u00f3ximo ao metr\u00f4 Cinel\u00e2ndia) Tel: (21) 3262-3400 COMO CHEGAR Subsede Campo Grande R. Manai, 180 Campo Grande &#8211; CEP 23052-220 Tel: (21) 3402-1768 Whatsapp: (21) 99184-5730 COMO CHEGAR\" \/>\n<meta property=\"og:url\" content=\"https:\/\/www.sinpro-rio.org.br\/principal\/sedes\/\" \/>\n<meta property=\"og:site_name\" content=\"Sinpro-Rio\" \/>\n<meta property=\"article:modified_time\" content=\"2022-06-22T18:50:05+00:00\" \/>\n<meta name=\"twitter:card\" content=\"summary_large_image\" \/>\n<script type=\"application\/ld+json\" class=\"yoast-schema-graph\">{\"@context\":\"https:\/\/schema.org\",\"@graph\":[{\"@type\":\"WebPage\",\"@id\":\"https:\/\/www.sinpro-rio.org.br\/principal\/sedes\/\",\"url\":\"https:\/\/www.sinpro-rio.org.br\/principal\/sedes\/\",\"name\":\"Sedes - Sinpro-Rio\",\"isPartOf\":{\"@id\":\"https:\/\/www.sinpro-rio.org.br\/principal\/#website\"},\"datePublished\":\"2019-05-17T13:07:31+00:00\",\"dateModified\":\"2022-06-22T18:50:05+00:00\",\"breadcrumb\":{\"@id\":\"https:\/\/www.sinpro-rio.org.br\/principal\/sedes\/#breadcrumb\"},\"inLanguage\":\"pt-BR\",\"potentialAction\":[{\"@type\":\"ReadAction\",\"target\":[\"https:\/\/www.sinpro-rio.org.br\/principal\/sedes\/\"]}]},{\"@type\":\"BreadcrumbList\",\"@id\":\"https:\/\/www.sinpro-rio.org.br\/principal\/sedes\/#breadcrumb\",\"itemListElement\":[{\"@type\":\"ListItem\",\"position\":1,\"name\":\"In\u00edcio\",\"item\":\"https:\/\/www.sinpro-rio.org.br\/principal\/\"},{\"@type\":\"ListItem\",\"position\":2,\"name\":\"Sedes\"}]},{\"@type\":\"WebSite\",\"@id\":\"https:\/\/www.sinpro-rio.org.br\/principal\/#website\",\"url\":\"https:\/\/www.sinpro-rio.org.br\/principal\/\",\"name\":\"Sinpro-Rio\",\"description\":\"Sindicato dos Professores do Munic\u00edpio do Rio de Janeiro e Regi\u00e3o\",\"potentialAction\":[{\"@type\":\"SearchAction\",\"target\":{\"@type\":\"EntryPoint\",\"urlTemplate\":\"https:\/\/www.sinpro-rio.org.br\/principal\/?s={search_term_string}\"},\"query-input\":{\"@type\":\"PropertyValueSpecification\",\"valueRequired\":true,\"valueName\":\"search_term_string\"}}],\"inLanguage\":\"pt-BR\"}]}<\/script>\n<!-- \/ Yoast SEO plugin. -->","yoast_head_json":{"title":"Sedes - Sinpro-Rio","robots":{"index":"index","follow":"follow","max-snippet":"max-snippet:-1","max-image-preview":"max-image-preview:large","max-video-preview":"max-video-preview:-1"},"canonical":"https:\/\/www.sinpro-rio.org.br\/principal\/sedes\/","og_locale":"pt_BR","og_type":"article","og_title":"Sedes - Sinpro-Rio","og_description":"SEDE Centro Rua Pedro Lessa, 35 2\u00ba, 3\u00ba e 5\u00ba andares Centro &#8211; CEP: 20030-030 (pr\u00f3ximo ao metr\u00f4 Cinel\u00e2ndia) Tel: (21) 3262-3400 COMO CHEGAR Subsede Campo Grande R. Manai, 180 Campo Grande &#8211; CEP 23052-220 Tel: (21) 3402-1768 Whatsapp: (21) 99184-5730 COMO CHEGAR","og_url":"https:\/\/www.sinpro-rio.org.br\/principal\/sedes\/","og_site_name":"Sinpro-Rio","article_modified_time":"2022-06-22T18:50:05+00:00","twitter_card":"summary_large_image","schema":{"@context":"https:\/\/schema.org","@graph":[{"@type":"WebPage","@id":"https:\/\/www.sinpro-rio.org.br\/principal\/sedes\/","url":"https:\/\/www.sinpro-rio.org.br\/principal\/sedes\/","name":"Sedes - Sinpro-Rio","isPartOf":{"@id":"https:\/\/www.sinpro-rio.org.br\/principal\/#website"},"datePublished":"2019-05-17T13:07:31+00:00","dateModified":"2022-06-22T18:50:05+00:00","breadcrumb":{"@id":"https:\/\/www.sinpro-rio.org.br\/principal\/sedes\/#breadcrumb"},"inLanguage":"pt-BR","potentialAction":[{"@type":"ReadAction","target":["https:\/\/www.sinpro-rio.org.br\/principal\/sedes\/"]}]},{"@type":"BreadcrumbList","@id":"https:\/\/www.sinpro-rio.org.br\/principal\/sedes\/#breadcrumb","itemListElement":[{"@type":"ListItem","position":1,"name":"In\u00edcio","item":"https:\/\/www.sinpro-rio.org.br\/principal\/"},{"@type":"ListItem","position":2,"name":"Sedes"}]},{"@type":"WebSite","@id":"https:\/\/www.sinpro-rio.org.br\/principal\/#website","url":"https:\/\/www.sinpro-rio.org.br\/principal\/","name":"Sinpro-Rio","description":"Sindicato dos Professores do Munic\u00edpio do Rio de Janeiro e Regi\u00e3o","potentialAction":[{"@type":"SearchAction","target":{"@type":"EntryPoint","urlTemplate":"https:\/\/www.sinpro-rio.org.br\/principal\/?s={search_term_string}"},"query-input":{"@type":"PropertyValueSpecification","valueRequired":true,"valueName":"search_term_string"}}],"inLanguage":"pt-BR"}]}},"_links":{"self":[{"href":"https:\/\/www.sinpro-rio.org.br\/principal\/wp-json\/wp\/v2\/pages\/24945","targetHints":{"allow":["GET"]}}],"collection":[{"href":"https:\/\/www.sinpro-rio.org.br\/principal\/wp-json\/wp\/v2\/pages"}],"about":[{"href":"https:\/\/www.sinpro-rio.org.br\/principal\/wp-json\/wp\/v2\/types\/page"}],"author":[{"embeddable":true,"href":"https:\/\/www.sinpro-rio.org.br\/principal\/wp-json\/wp\/v2\/users\/1"}],"replies":[{"embeddable":true,"href":"https:\/\/www.sinpro-rio.org.br\/principal\/wp-json\/wp\/v2\/comments?post=24945"}],"version-history":[{"count":2,"href":"https:\/\/www.sinpro-rio.org.br\/principal\/wp-json\/wp\/v2\/pages\/24945\/revisions"}],"predecessor-version":[{"id":33280,"href":"https:\/\/www.sinpro-rio.org.br\/principal\/wp-json\/wp\/v2\/pages\/24945\/revisions\/33280"}],"wp:attachment":[{"href":"https:\/\/www.sinpro-rio.org.br\/principal\/wp-json\/wp\/v2\/media?parent=24945"}],"curies":[{"name":"wp","href":"https:\/\/api.w.org\/{rel}","templated":true}]}}