{"id":24888,"date":"2019-05-15T12:30:20","date_gmt":"2019-05-15T15:30:20","guid":{"rendered":"https:\/\/sinpro-rio.org.br\/principal\/site\/?page_id=24888"},"modified":"2019-08-16T11:04:43","modified_gmt":"2019-08-16T14:04:43","slug":"boletos","status":"publish","type":"page","link":"https:\/\/www.sinpro-rio.org.br\/principal\/boletos\/","title":{"rendered":"Boletos"},"content":{"rendered":"\n<div id=\"noticias\">\n            <div class=\"content\">\n\n\n\n                    <div class=\"row\">\n                        <div class=\"col-md-6\">\n                            <div class=\"feature-box fbox-center fbox-effect\">\n                            <div class=\"fbox-icon\">\n                                <a href=\"boleto-instituicao\/\"><i class=\"fas fa-barcode\"><\/i><\/a>\n                            <\/div>\n                            <h3>Escolas e Institui\u00e7\u00f5es de ensino<\/h3>\n                            <p>Boletos dispon\u00edveis para Escolas (Desconto em folha, Assistencial ou regulariza\u00e7\u00e3o).<\/p>\n                        <\/div>\n                        <\/div>\n                        <div class=\"col-md-6\">\n                            <div class=\"feature-box fbox-center fbox-effect\">\n                            <div class=\"fbox-icon\">\n                                <a href=\"boleto-professor\"><i class=\"fas fa-barcode\"><\/i><\/a>\n                            <\/div>\n                            <h3>Professor(a)<\/h3>\n                            <p>Boleto de Contribui\u00e7\u00e3o Sindical para optantes por boleto banc\u00e1rio individualizado.<\/p>\n                        <\/div>\n                        <\/div>                        \n                    <\/div>\n\n\n                \n                <div class=\"clear\"><\/div>\n            <\/div>\n        <\/div>\n","protected":false},"excerpt":{"rendered":"<p>Escolas e Institui\u00e7\u00f5es de ensino Boletos dispon\u00edveis para Escolas (Desconto em folha, Assistencial ou regulariza\u00e7\u00e3o). Professor(a) Boleto de Contribui\u00e7\u00e3o Sindical para optantes por boleto banc\u00e1rio individualizado.<\/p>\n","protected":false},"author":1,"featured_media":0,"parent":0,"menu_order":0,"comment_status":"closed","ping_status":"closed","template":"","meta":{"footnotes":""},"class_list":["post-24888","page","type-page","status-publish","hentry"],"yoast_head":"<!-- This site is optimized with the Yoast SEO plugin v25.7 - https:\/\/yoast.com\/wordpress\/plugins\/seo\/ -->\n<title>Boletos - Sinpro-Rio<\/title>\n<meta name=\"robots\" content=\"index, follow, max-snippet:-1, max-image-preview:large, max-video-preview:-1\" \/>\n<link rel=\"canonical\" href=\"https:\/\/www.sinpro-rio.org.br\/principal\/boletos\/\" \/>\n<meta property=\"og:locale\" content=\"pt_BR\" \/>\n<meta property=\"og:type\" content=\"article\" \/>\n<meta property=\"og:title\" content=\"Boletos - Sinpro-Rio\" \/>\n<meta property=\"og:description\" content=\"Escolas e Institui\u00e7\u00f5es de ensino Boletos dispon\u00edveis para Escolas (Desconto em folha, Assistencial ou regulariza\u00e7\u00e3o). Professor(a) Boleto de Contribui\u00e7\u00e3o Sindical para optantes por boleto banc\u00e1rio individualizado.\" \/>\n<meta property=\"og:url\" content=\"https:\/\/www.sinpro-rio.org.br\/principal\/boletos\/\" \/>\n<meta property=\"og:site_name\" content=\"Sinpro-Rio\" \/>\n<meta property=\"article:modified_time\" content=\"2019-08-16T14:04:43+00:00\" \/>\n<meta name=\"twitter:card\" content=\"summary_large_image\" \/>\n<script type=\"application\/ld+json\" class=\"yoast-schema-graph\">{\"@context\":\"https:\/\/schema.org\",\"@graph\":[{\"@type\":\"WebPage\",\"@id\":\"https:\/\/www.sinpro-rio.org.br\/principal\/boletos\/\",\"url\":\"https:\/\/www.sinpro-rio.org.br\/principal\/boletos\/\",\"name\":\"Boletos - Sinpro-Rio\",\"isPartOf\":{\"@id\":\"https:\/\/www.sinpro-rio.org.br\/principal\/#website\"},\"datePublished\":\"2019-05-15T15:30:20+00:00\",\"dateModified\":\"2019-08-16T14:04:43+00:00\",\"breadcrumb\":{\"@id\":\"https:\/\/www.sinpro-rio.org.br\/principal\/boletos\/#breadcrumb\"},\"inLanguage\":\"pt-BR\",\"potentialAction\":[{\"@type\":\"ReadAction\",\"target\":[\"https:\/\/www.sinpro-rio.org.br\/principal\/boletos\/\"]}]},{\"@type\":\"BreadcrumbList\",\"@id\":\"https:\/\/www.sinpro-rio.org.br\/principal\/boletos\/#breadcrumb\",\"itemListElement\":[{\"@type\":\"ListItem\",\"position\":1,\"name\":\"In\u00edcio\",\"item\":\"https:\/\/www.sinpro-rio.org.br\/principal\/\"},{\"@type\":\"ListItem\",\"position\":2,\"name\":\"Boletos\"}]},{\"@type\":\"WebSite\",\"@id\":\"https:\/\/www.sinpro-rio.org.br\/principal\/#website\",\"url\":\"https:\/\/www.sinpro-rio.org.br\/principal\/\",\"name\":\"Sinpro-Rio\",\"description\":\"Sindicato dos Professores do Munic\u00edpio do Rio de Janeiro e Regi\u00e3o\",\"potentialAction\":[{\"@type\":\"SearchAction\",\"target\":{\"@type\":\"EntryPoint\",\"urlTemplate\":\"https:\/\/www.sinpro-rio.org.br\/principal\/?s={search_term_string}\"},\"query-input\":{\"@type\":\"PropertyValueSpecification\",\"valueRequired\":true,\"valueName\":\"search_term_string\"}}],\"inLanguage\":\"pt-BR\"}]}<\/script>\n<!-- \/ Yoast SEO plugin. -->","yoast_head_json":{"title":"Boletos - Sinpro-Rio","robots":{"index":"index","follow":"follow","max-snippet":"max-snippet:-1","max-image-preview":"max-image-preview:large","max-video-preview":"max-video-preview:-1"},"canonical":"https:\/\/www.sinpro-rio.org.br\/principal\/boletos\/","og_locale":"pt_BR","og_type":"article","og_title":"Boletos - Sinpro-Rio","og_description":"Escolas e Institui\u00e7\u00f5es de ensino Boletos dispon\u00edveis para Escolas (Desconto em folha, Assistencial ou regulariza\u00e7\u00e3o). Professor(a) Boleto de Contribui\u00e7\u00e3o Sindical para optantes por boleto banc\u00e1rio individualizado.","og_url":"https:\/\/www.sinpro-rio.org.br\/principal\/boletos\/","og_site_name":"Sinpro-Rio","article_modified_time":"2019-08-16T14:04:43+00:00","twitter_card":"summary_large_image","schema":{"@context":"https:\/\/schema.org","@graph":[{"@type":"WebPage","@id":"https:\/\/www.sinpro-rio.org.br\/principal\/boletos\/","url":"https:\/\/www.sinpro-rio.org.br\/principal\/boletos\/","name":"Boletos - Sinpro-Rio","isPartOf":{"@id":"https:\/\/www.sinpro-rio.org.br\/principal\/#website"},"datePublished":"2019-05-15T15:30:20+00:00","dateModified":"2019-08-16T14:04:43+00:00","breadcrumb":{"@id":"https:\/\/www.sinpro-rio.org.br\/principal\/boletos\/#breadcrumb"},"inLanguage":"pt-BR","potentialAction":[{"@type":"ReadAction","target":["https:\/\/www.sinpro-rio.org.br\/principal\/boletos\/"]}]},{"@type":"BreadcrumbList","@id":"https:\/\/www.sinpro-rio.org.br\/principal\/boletos\/#breadcrumb","itemListElement":[{"@type":"ListItem","position":1,"name":"In\u00edcio","item":"https:\/\/www.sinpro-rio.org.br\/principal\/"},{"@type":"ListItem","position":2,"name":"Boletos"}]},{"@type":"WebSite","@id":"https:\/\/www.sinpro-rio.org.br\/principal\/#website","url":"https:\/\/www.sinpro-rio.org.br\/principal\/","name":"Sinpro-Rio","description":"Sindicato dos Professores do Munic\u00edpio do Rio de Janeiro e Regi\u00e3o","potentialAction":[{"@type":"SearchAction","target":{"@type":"EntryPoint","urlTemplate":"https:\/\/www.sinpro-rio.org.br\/principal\/?s={search_term_string}"},"query-input":{"@type":"PropertyValueSpecification","valueRequired":true,"valueName":"search_term_string"}}],"inLanguage":"pt-BR"}]}},"_links":{"self":[{"href":"https:\/\/www.sinpro-rio.org.br\/principal\/wp-json\/wp\/v2\/pages\/24888","targetHints":{"allow":["GET"]}}],"collection":[{"href":"https:\/\/www.sinpro-rio.org.br\/principal\/wp-json\/wp\/v2\/pages"}],"about":[{"href":"https:\/\/www.sinpro-rio.org.br\/principal\/wp-json\/wp\/v2\/types\/page"}],"author":[{"embeddable":true,"href":"https:\/\/www.sinpro-rio.org.br\/principal\/wp-json\/wp\/v2\/users\/1"}],"replies":[{"embeddable":true,"href":"https:\/\/www.sinpro-rio.org.br\/principal\/wp-json\/wp\/v2\/comments?post=24888"}],"version-history":[{"count":4,"href":"https:\/\/www.sinpro-rio.org.br\/principal\/wp-json\/wp\/v2\/pages\/24888\/revisions"}],"predecessor-version":[{"id":26186,"href":"https:\/\/www.sinpro-rio.org.br\/principal\/wp-json\/wp\/v2\/pages\/24888\/revisions\/26186"}],"wp:attachment":[{"href":"https:\/\/www.sinpro-rio.org.br\/principal\/wp-json\/wp\/v2\/media?parent=24888"}],"curies":[{"name":"wp","href":"https:\/\/api.w.org\/{rel}","templated":true}]}}